{"id":1314,"date":"2021-08-12T12:21:52","date_gmt":"2021-08-12T10:21:52","guid":{"rendered":"https:\/\/www.faaarredamenti.com\/web\/?page_id=1314"},"modified":"2021-08-12T12:32:53","modified_gmt":"2021-08-12T10:32:53","slug":"ufficio","status":"publish","type":"page","link":"https:\/\/www.faaarredamenti.com\/web\/ufficio\/","title":{"rendered":"Ufficio"},"content":{"rendered":"<div  style='padding-bottom:10px; ' class='av-special-heading av-special-heading-h1  blockquote modern-quote modern-centered  avia-builder-el-0  el_before_av_textblock  avia-builder-el-first  '><h1 class='av-special-heading-tag '  itemprop=\"headline\"  >FAA Arredamenti &#8211; L\u2018arredo dell\u2019Ufficio<\/h1><div class='special-heading-border'><div class='special-heading-inner-border' ><\/div><\/div><\/div>\n<section class=\"av_textblock_section \"  itemscope=\"itemscope\" itemtype=\"https:\/\/schema.org\/CreativeWork\" ><div class='avia_textblock  '   itemprop=\"text\" ><p>FAA Arredamenti opera da anni nella progettazione e nella realizzazione di soluzioni di arredamento per uffici e per strutture dirigenziali , ponendosi sempre al fianco della clientela per meglio soddisfare le richieste e capire le necessit\u00e0 , al fine di poter offrire il miglior servizio possibile.<br \/>\nI mobili per ufficio, sapranno dare alla clientela la possibilit\u00e0 di acquistare delle soluzioni in grado di unire eleganza e funzionalit\u00e0, praticit\u00e0 e confort.<br \/>\nOltre alla produzione di mobili per ufficio e alla progettazione di soluzioni di arredamento, l\u2019azienda \u00e8 in grado di offrire alla clientela la possibilit\u00e0 di acquistare complementi d\u2019arredo ed eleganti accessori per rendere ancora pi\u00f9 funzionale lo svolgimento del proprio lavoro.<\/p>\n<p><strong>FAA Arredamenti&#8230; da 40 anni l&#8217;Artigiano a casa tua!<\/strong><\/p>\n<\/div><\/section>\n<div  style='height:15px' class='hr hr-invisible   avia-builder-el-2  el_after_av_textblock  el_before_av_one_third '><span class='hr-inner ' ><span class='hr-inner-style'><\/span><\/span><\/div>\n<div class=\"flex_column av_one_third  flex_column_div av-zero-column-padding first  avia-builder-el-3  el_after_av_hr  el_before_av_one_third  \" style='border-radius:0px; '><div  class='avia-image-container  av-styling-    avia-builder-el-4  avia-builder-el-no-sibling  avia-align-center '  itemprop=\"image\" itemscope=\"itemscope\" itemtype=\"https:\/\/schema.org\/ImageObject\"  ><div class='avia-image-container-inner'><div class='avia-image-overlay-wrap'><a href='https:\/\/www.faaarredamenti.com\/web\/wp-content\/uploads\/2021\/08\/18044-DVO-DV901-TR5436-18-co-o-1030x773.jpg' class='avia_image'  ><img class='avia_image ' src='https:\/\/www.faaarredamenti.com\/web\/wp-content\/uploads\/2021\/08\/18044-DVO-DV901-TR5436-18-co-o-495x400.jpg' alt='' title='Faa Arredamenti Uffici'  itemprop=\"thumbnailUrl\"  \/><\/a><\/div><\/div><\/div><\/div>\n<div class=\"flex_column av_one_third  flex_column_div av-zero-column-padding   avia-builder-el-5  el_after_av_one_third  el_before_av_one_third  \" style='border-radius:0px; '><div  class='avia-image-container  av-styling-    avia-builder-el-6  avia-builder-el-no-sibling  avia-align-center '  itemprop=\"image\" itemscope=\"itemscope\" itemtype=\"https:\/\/schema.org\/ImageObject\"  ><div class='avia-image-container-inner'><div class='avia-image-overlay-wrap'><a href='https:\/\/www.faaarredamenti.com\/web\/wp-content\/uploads\/2021\/08\/DV504_COMP_8_9525_2020-1030x773.jpg' class='avia_image'  ><img class='avia_image ' src='https:\/\/www.faaarredamenti.com\/web\/wp-content\/uploads\/2021\/08\/DV504_COMP_8_9525_2020-495x400.jpg' alt='' title='Faa Arredamenti Uffici'  itemprop=\"thumbnailUrl\"  \/><\/a><\/div><\/div><\/div><\/div>\n<div class=\"flex_column av_one_third  flex_column_div av-zero-column-padding   avia-builder-el-7  el_after_av_one_third  el_before_av_one_third  \" style='border-radius:0px; '><div  class='avia-image-container  av-styling-    avia-builder-el-8  avia-builder-el-no-sibling  avia-align-center '  itemprop=\"image\" itemscope=\"itemscope\" itemtype=\"https:\/\/schema.org\/ImageObject\"  ><div class='avia-image-container-inner'><div class='avia-image-overlay-wrap'><a href='https:\/\/www.faaarredamenti.com\/web\/wp-content\/uploads\/2021\/08\/DV522_SET_01_2020-1030x834.jpg' class='avia_image'  ><img class='avia_image ' src='https:\/\/www.faaarredamenti.com\/web\/wp-content\/uploads\/2021\/08\/DV522_SET_01_2020-495x400.jpg' alt='' title='Faa Arredamenti Uffici'  itemprop=\"thumbnailUrl\"  \/><\/a><\/div><\/div><\/div><\/div>\n<div class=\"flex_column av_one_third  flex_column_div av-zero-column-padding first  avia-builder-el-9  el_after_av_one_third  el_before_av_one_third  column-top-margin\" style='border-radius:0px; '><div  class='avia-image-container  av-styling-    avia-builder-el-10  avia-builder-el-no-sibling  avia-align-center '  itemprop=\"image\" itemscope=\"itemscope\" itemtype=\"https:\/\/schema.org\/ImageObject\"  ><div class='avia-image-container-inner'><div class='avia-image-overlay-wrap'><a href='https:\/\/www.faaarredamenti.com\/web\/wp-content\/uploads\/2021\/08\/DV525_1532_2020-1030x772.jpg' class='avia_image'  ><img class='avia_image ' src='https:\/\/www.faaarredamenti.com\/web\/wp-content\/uploads\/2021\/08\/DV525_1532_2020-495x400.jpg' alt='' title='Faa Arredamenti Uffici'  itemprop=\"thumbnailUrl\"  \/><\/a><\/div><\/div><\/div><\/div>\n<div class=\"flex_column av_one_third  flex_column_div av-zero-column-padding   avia-builder-el-11  el_after_av_one_third  el_before_av_one_third  column-top-margin\" style='border-radius:0px; '><div  class='avia-image-container  av-styling-    avia-builder-el-12  avia-builder-el-no-sibling  avia-align-center '  itemprop=\"image\" itemscope=\"itemscope\" itemtype=\"https:\/\/schema.org\/ImageObject\"  ><div class='avia-image-container-inner'><div class='avia-image-overlay-wrap'><a href='https:\/\/www.faaarredamenti.com\/web\/wp-content\/uploads\/2021\/08\/DV549_COMPOSIZIONE_5_7255_2020-1030x685.jpg' class='avia_image'  ><img class='avia_image ' src='https:\/\/www.faaarredamenti.com\/web\/wp-content\/uploads\/2021\/08\/DV549_COMPOSIZIONE_5_7255_2020-495x400.jpg' alt='' title='Faa Arredamenti Uffici'  itemprop=\"thumbnailUrl\"  \/><\/a><\/div><\/div><\/div><\/div><div class=\"flex_column av_one_third  flex_column_div av-zero-column-padding   avia-builder-el-13  el_after_av_one_third  el_before_av_one_third  column-top-margin\" style='border-radius:0px; '><div  class='avia-image-container  av-styling-    avia-builder-el-14  avia-builder-el-no-sibling  avia-align-center '  itemprop=\"image\" itemscope=\"itemscope\" itemtype=\"https:\/\/schema.org\/ImageObject\"  ><div class='avia-image-container-inner'><div class='avia-image-overlay-wrap'><a href='https:\/\/www.faaarredamenti.com\/web\/wp-content\/uploads\/2021\/08\/DVO_DV504DV911_COMP_1_9061_072020-1030x861.jpg' class='avia_image'  ><img class='avia_image ' src='https:\/\/www.faaarredamenti.com\/web\/wp-content\/uploads\/2021\/08\/DVO_DV504DV911_COMP_1_9061_072020-495x400.jpg' alt='' title='Faa Arredamenti Uffici'  itemprop=\"thumbnailUrl\"  \/><\/a><\/div><\/div><\/div><\/div><div class=\"flex_column av_one_third  flex_column_div av-zero-column-padding first  avia-builder-el-15  el_after_av_one_third  el_before_av_one_third  column-top-margin\" style='border-radius:0px; '><div  class='avia-image-container  av-styling-    avia-builder-el-16  avia-builder-el-no-sibling  avia-align-center '  itemprop=\"image\" itemscope=\"itemscope\" itemtype=\"https:\/\/schema.org\/ImageObject\"  ><div class='avia-image-container-inner'><div class='avia-image-overlay-wrap'><a href='https:\/\/www.faaarredamenti.com\/web\/wp-content\/uploads\/2021\/08\/DVO_DV504DV911_COMP_3__9130_2021-1030x755.jpg' class='avia_image'  ><img class='avia_image ' src='https:\/\/www.faaarredamenti.com\/web\/wp-content\/uploads\/2021\/08\/DVO_DV504DV911_COMP_3__9130_2021-495x400.jpg' alt='' title='Faa Arredamenti Uffici'  itemprop=\"thumbnailUrl\"  \/><\/a><\/div><\/div><\/div><\/div><div class=\"flex_column av_one_third  flex_column_div av-zero-column-padding   avia-builder-el-17  el_after_av_one_third  el_before_av_one_third  column-top-margin\" style='border-radius:0px; '><div  class='avia-image-container  av-styling-    avia-builder-el-18  avia-builder-el-no-sibling  avia-align-center '  itemprop=\"image\" itemscope=\"itemscope\" itemtype=\"https:\/\/schema.org\/ImageObject\"  ><div class='avia-image-container-inner'><div class='avia-image-overlay-wrap'><a href='https:\/\/www.faaarredamenti.com\/web\/wp-content\/uploads\/2021\/08\/DVO_DV702_COMP_1B__3996_NM_072020-1030x772.jpg' class='avia_image'  ><img class='avia_image ' src='https:\/\/www.faaarredamenti.com\/web\/wp-content\/uploads\/2021\/08\/DVO_DV702_COMP_1B__3996_NM_072020-495x400.jpg' alt='' title='Faa Arredamenti Uffici'  itemprop=\"thumbnailUrl\"  \/><\/a><\/div><\/div><\/div><\/div><div class=\"flex_column av_one_third  flex_column_div av-zero-column-padding   avia-builder-el-19  el_after_av_one_third  el_before_av_one_third  column-top-margin\" style='border-radius:0px; '><div  class='avia-image-container  av-styling-    avia-builder-el-20  avia-builder-el-no-sibling  avia-align-center '  itemprop=\"image\" itemscope=\"itemscope\" itemtype=\"https:\/\/schema.org\/ImageObject\"  ><div class='avia-image-container-inner'><div class='avia-image-overlay-wrap'><a href='https:\/\/www.faaarredamenti.com\/web\/wp-content\/uploads\/2021\/08\/DVO_DV702_COMP_1B__3996_W-1030x772.jpg' class='avia_image'  ><img class='avia_image ' src='https:\/\/www.faaarredamenti.com\/web\/wp-content\/uploads\/2021\/08\/DVO_DV702_COMP_1B__3996_W-495x400.jpg' alt='' title='Faa Arredamenti Uffici'  itemprop=\"thumbnailUrl\"  \/><\/a><\/div><\/div><\/div><\/div><div class=\"flex_column av_one_third  flex_column_div av-zero-column-padding first  avia-builder-el-21  el_after_av_one_third  el_before_av_one_third  column-top-margin\" style='border-radius:0px; '><div  class='avia-image-container  av-styling-    avia-builder-el-22  avia-builder-el-no-sibling  avia-align-center '  itemprop=\"image\" itemscope=\"itemscope\" itemtype=\"https:\/\/schema.org\/ImageObject\"  ><div class='avia-image-container-inner'><div class='avia-image-overlay-wrap'><a href='https:\/\/www.faaarredamenti.com\/web\/wp-content\/uploads\/2021\/08\/DVO_DV703_COMP_1A__3605_072020-1030x772.jpg' class='avia_image'  ><img class='avia_image ' src='https:\/\/www.faaarredamenti.com\/web\/wp-content\/uploads\/2021\/08\/DVO_DV703_COMP_1A__3605_072020-495x400.jpg' alt='' title='Faa Arredamenti Uffici'  itemprop=\"thumbnailUrl\"  \/><\/a><\/div><\/div><\/div><\/div><div class=\"flex_column av_one_third  flex_column_div av-zero-column-padding   avia-builder-el-23  el_after_av_one_third  el_before_av_one_third  column-top-margin\" style='border-radius:0px; '><div  class='avia-image-container  av-styling-    avia-builder-el-24  avia-builder-el-no-sibling  avia-align-center '  itemprop=\"image\" itemscope=\"itemscope\" itemtype=\"https:\/\/schema.org\/ImageObject\"  ><div class='avia-image-container-inner'><div class='avia-image-overlay-wrap'><a href='https:\/\/www.faaarredamenti.com\/web\/wp-content\/uploads\/2021\/08\/DVO_DV703_COMP_2A__3699-1030x772.jpg' class='avia_image'  ><img class='avia_image ' src='https:\/\/www.faaarredamenti.com\/web\/wp-content\/uploads\/2021\/08\/DVO_DV703_COMP_2A__3699-495x400.jpg' alt='' title='Faa Arredamenti Uffici'  itemprop=\"thumbnailUrl\"  \/><\/a><\/div><\/div><\/div><\/div><div class=\"flex_column av_one_third  flex_column_div av-zero-column-padding   avia-builder-el-25  el_after_av_one_third  el_before_av_one_third  column-top-margin\" style='border-radius:0px; '><div  class='avia-image-container  av-styling-    avia-builder-el-26  avia-builder-el-no-sibling  avia-align-center '  itemprop=\"image\" itemscope=\"itemscope\" itemtype=\"https:\/\/schema.org\/ImageObject\"  ><div class='avia-image-container-inner'><div class='avia-image-overlay-wrap'><a href='https:\/\/www.faaarredamenti.com\/web\/wp-content\/uploads\/2021\/08\/DVO_DV703_COMP_2A__3725_072020-1030x772.jpg' class='avia_image'  ><img class='avia_image ' src='https:\/\/www.faaarredamenti.com\/web\/wp-content\/uploads\/2021\/08\/DVO_DV703_COMP_2A__3725_072020-495x400.jpg' alt='' title='Faa Arredamenti Uffici'  itemprop=\"thumbnailUrl\"  \/><\/a><\/div><\/div><\/div><\/div><div class=\"flex_column av_one_third  flex_column_div av-zero-column-padding first  avia-builder-el-27  el_after_av_one_third  el_before_av_one_third  column-top-margin\" style='border-radius:0px; '><div  class='avia-image-container  av-styling-    avia-builder-el-28  avia-builder-el-no-sibling  avia-align-center '  itemprop=\"image\" itemscope=\"itemscope\" itemtype=\"https:\/\/schema.org\/ImageObject\"  ><div class='avia-image-container-inner'><div class='avia-image-overlay-wrap'><a href='https:\/\/www.faaarredamenti.com\/web\/wp-content\/uploads\/2021\/08\/DVO_DV802_GAP_COMPOSIZIONE_5_7199-1030x740.jpg' class='avia_image'  ><img class='avia_image ' src='https:\/\/www.faaarredamenti.com\/web\/wp-content\/uploads\/2021\/08\/DVO_DV802_GAP_COMPOSIZIONE_5_7199-495x400.jpg' alt='' title='Faa Arredamenti Uffici'  itemprop=\"thumbnailUrl\"  \/><\/a><\/div><\/div><\/div><\/div><div class=\"flex_column av_one_third  flex_column_div av-zero-column-padding   avia-builder-el-29  el_after_av_one_third  el_before_av_one_third  column-top-margin\" style='border-radius:0px; '><div  class='avia-image-container  av-styling-    avia-builder-el-30  avia-builder-el-no-sibling  avia-align-center '  itemprop=\"image\" itemscope=\"itemscope\" itemtype=\"https:\/\/schema.org\/ImageObject\"  ><div class='avia-image-container-inner'><div class='avia-image-overlay-wrap'><a href='https:\/\/www.faaarredamenti.com\/web\/wp-content\/uploads\/2021\/08\/DVO_DV802_GAP_COMPOSIZIONE_6_7307-RITOCCATA_2021-1030x582.jpg' class='avia_image'  ><img class='avia_image ' src='https:\/\/www.faaarredamenti.com\/web\/wp-content\/uploads\/2021\/08\/DVO_DV802_GAP_COMPOSIZIONE_6_7307-RITOCCATA_2021-495x400.jpg' alt='' title='Faa Arredamenti Uffici'  itemprop=\"thumbnailUrl\"  \/><\/a><\/div><\/div><\/div><\/div><div class=\"flex_column av_one_third  flex_column_div av-zero-column-padding   avia-builder-el-31  el_after_av_one_third  el_before_av_one_third  column-top-margin\" style='border-radius:0px; '><div  class='avia-image-container  av-styling-    avia-builder-el-32  avia-builder-el-no-sibling  avia-align-center '  itemprop=\"image\" itemscope=\"itemscope\" itemtype=\"https:\/\/schema.org\/ImageObject\"  ><div class='avia-image-container-inner'><div class='avia-image-overlay-wrap'><a href='https:\/\/www.faaarredamenti.com\/web\/wp-content\/uploads\/2021\/08\/DVO_DV804_COMPOSIZIONE_5__4967_RM_2021-1030x688.jpg' class='avia_image'  ><img class='avia_image ' src='https:\/\/www.faaarredamenti.com\/web\/wp-content\/uploads\/2021\/08\/DVO_DV804_COMPOSIZIONE_5__4967_RM_2021-495x400.jpg' alt='' title='Faa Arredamenti Uffici'  itemprop=\"thumbnailUrl\"  \/><\/a><\/div><\/div><\/div><\/div><div class=\"flex_column av_one_third  flex_column_div av-zero-column-padding first  avia-builder-el-33  el_after_av_one_third  el_before_av_one_third  column-top-margin\" style='border-radius:0px; '><div  class='avia-image-container  av-styling-    avia-builder-el-34  avia-builder-el-no-sibling  avia-align-center '  itemprop=\"image\" itemscope=\"itemscope\" itemtype=\"https:\/\/schema.org\/ImageObject\"  ><div class='avia-image-container-inner'><div class='avia-image-overlay-wrap'><a href='https:\/\/www.faaarredamenti.com\/web\/wp-content\/uploads\/2021\/08\/DVO_VIGO_COMPOSIZIONE_1_10169-1030x760.jpg' class='avia_image'  ><img class='avia_image ' src='https:\/\/www.faaarredamenti.com\/web\/wp-content\/uploads\/2021\/08\/DVO_VIGO_COMPOSIZIONE_1_10169-495x400.jpg' alt='' title='Faa Arredamenti Uffici'  itemprop=\"thumbnailUrl\"  \/><\/a><\/div><\/div><\/div><\/div><div class=\"flex_column av_one_third  flex_column_div av-zero-column-padding   avia-builder-el-35  el_after_av_one_third  el_before_av_hr  column-top-margin\" style='border-radius:0px; '><div  class='avia-image-container  av-styling-    avia-builder-el-36  avia-builder-el-no-sibling  avia-align-center '  itemprop=\"image\" itemscope=\"itemscope\" itemtype=\"https:\/\/schema.org\/ImageObject\"  ><div class='avia-image-container-inner'><div class='avia-image-overlay-wrap'><a href='https:\/\/www.faaarredamenti.com\/web\/wp-content\/uploads\/2021\/08\/SET_03_DVMEET-1030x729.jpg' class='avia_image'  ><img class='avia_image ' src='https:\/\/www.faaarredamenti.com\/web\/wp-content\/uploads\/2021\/08\/SET_03_DVMEET-495x400.jpg' alt='' title='Faa Arredamenti Uffici'  itemprop=\"thumbnailUrl\"  \/><\/a><\/div><\/div><\/div><\/div><div  style='height:15px' class='hr hr-invisible   avia-builder-el-37  el_after_av_one_third  el_before_av_button '><span class='hr-inner ' ><span class='hr-inner-style'><\/span><\/span><\/div><\/p>\n<div  class='avia-button-wrap avia-button-center  avia-builder-el-38  el_after_av_hr  avia-builder-el-last ' ><a href='https:\/\/www.faaarredamenti.com\/web\/contatti-faa-arredamenti-perugia\/'  class='avia-button   avia-icon_select-no avia-color-dark avia-size-small avia-position-center '   ><span class='avia_iconbox_title' >Fissa un appuntamento in showroom<\/span><\/a><\/div>\n","protected":false},"excerpt":{"rendered":"","protected":false},"author":1,"featured_media":0,"parent":0,"menu_order":0,"comment_status":"closed","ping_status":"closed","template":"","meta":[],"yoast_head":"<!-- This site is optimized with the Yoast SEO plugin v19.4 - https:\/\/yoast.com\/wordpress\/plugins\/seo\/ -->\r\n<title>Ufficio - Faa Arredamenti<\/title>\r\n<meta name=\"robots\" content=\"index, follow, max-snippet:-1, max-image-preview:large, max-video-preview:-1\" \/>\r\n<link rel=\"canonical\" href=\"https:\/\/www.faaarredamenti.com\/web\/ufficio\/\" \/>\r\n<meta property=\"og:locale\" content=\"it_IT\" \/>\r\n<meta property=\"og:type\" content=\"article\" \/>\r\n<meta property=\"og:title\" content=\"Ufficio - Faa Arredamenti\" \/>\r\n<meta property=\"og:url\" content=\"https:\/\/www.faaarredamenti.com\/web\/ufficio\/\" \/>\r\n<meta property=\"og:site_name\" content=\"Faa Arredamenti\" \/>\r\n<meta property=\"article:publisher\" content=\"https:\/\/www.facebook.com\/rosiniarredamenti\/\" \/>\r\n<meta property=\"article:modified_time\" content=\"2021-08-12T10:32:53+00:00\" \/>\r\n<meta name=\"twitter:card\" content=\"summary_large_image\" \/>\r\n<meta name=\"twitter:label1\" content=\"Tempo di lettura stimato\" \/>\n\t<meta name=\"twitter:data1\" content=\"19 minuti\" \/>\r\n<script type=\"application\/ld+json\" class=\"yoast-schema-graph\">{\"@context\":\"https:\/\/schema.org\",\"@graph\":[{\"@type\":\"WebSite\",\"@id\":\"https:\/\/www.faaarredamenti.com\/web\/#website\",\"url\":\"https:\/\/www.faaarredamenti.com\/web\/\",\"name\":\"Faa Arredamenti\",\"description\":\"Da 40 anni l&#039;artigiano a casa tua\",\"potentialAction\":[{\"@type\":\"SearchAction\",\"target\":{\"@type\":\"EntryPoint\",\"urlTemplate\":\"https:\/\/www.faaarredamenti.com\/web\/?s={search_term_string}\"},\"query-input\":\"required name=search_term_string\"}],\"inLanguage\":\"it-IT\"},{\"@type\":\"WebPage\",\"@id\":\"https:\/\/www.faaarredamenti.com\/web\/ufficio\/\",\"url\":\"https:\/\/www.faaarredamenti.com\/web\/ufficio\/\",\"name\":\"Ufficio - Faa Arredamenti\",\"isPartOf\":{\"@id\":\"https:\/\/www.faaarredamenti.com\/web\/#website\"},\"datePublished\":\"2021-08-12T10:21:52+00:00\",\"dateModified\":\"2021-08-12T10:32:53+00:00\",\"breadcrumb\":{\"@id\":\"https:\/\/www.faaarredamenti.com\/web\/ufficio\/#breadcrumb\"},\"inLanguage\":\"it-IT\",\"potentialAction\":[{\"@type\":\"ReadAction\",\"target\":[\"https:\/\/www.faaarredamenti.com\/web\/ufficio\/\"]}]},{\"@type\":\"BreadcrumbList\",\"@id\":\"https:\/\/www.faaarredamenti.com\/web\/ufficio\/#breadcrumb\",\"itemListElement\":[{\"@type\":\"ListItem\",\"position\":1,\"name\":\"Home\",\"item\":\"https:\/\/www.faaarredamenti.com\/web\/\"},{\"@type\":\"ListItem\",\"position\":2,\"name\":\"Ufficio\"}]}]}<\/script>\r\n<!-- \/ Yoast SEO plugin. -->","yoast_head_json":{"title":"Ufficio - Faa Arredamenti","robots":{"index":"index","follow":"follow","max-snippet":"max-snippet:-1","max-image-preview":"max-image-preview:large","max-video-preview":"max-video-preview:-1"},"canonical":"https:\/\/www.faaarredamenti.com\/web\/ufficio\/","og_locale":"it_IT","og_type":"article","og_title":"Ufficio - Faa Arredamenti","og_url":"https:\/\/www.faaarredamenti.com\/web\/ufficio\/","og_site_name":"Faa Arredamenti","article_publisher":"https:\/\/www.facebook.com\/rosiniarredamenti\/","article_modified_time":"2021-08-12T10:32:53+00:00","twitter_card":"summary_large_image","twitter_misc":{"Tempo di lettura stimato":"19 minuti"},"schema":{"@context":"https:\/\/schema.org","@graph":[{"@type":"WebSite","@id":"https:\/\/www.faaarredamenti.com\/web\/#website","url":"https:\/\/www.faaarredamenti.com\/web\/","name":"Faa Arredamenti","description":"Da 40 anni l&#039;artigiano a casa tua","potentialAction":[{"@type":"SearchAction","target":{"@type":"EntryPoint","urlTemplate":"https:\/\/www.faaarredamenti.com\/web\/?s={search_term_string}"},"query-input":"required name=search_term_string"}],"inLanguage":"it-IT"},{"@type":"WebPage","@id":"https:\/\/www.faaarredamenti.com\/web\/ufficio\/","url":"https:\/\/www.faaarredamenti.com\/web\/ufficio\/","name":"Ufficio - Faa Arredamenti","isPartOf":{"@id":"https:\/\/www.faaarredamenti.com\/web\/#website"},"datePublished":"2021-08-12T10:21:52+00:00","dateModified":"2021-08-12T10:32:53+00:00","breadcrumb":{"@id":"https:\/\/www.faaarredamenti.com\/web\/ufficio\/#breadcrumb"},"inLanguage":"it-IT","potentialAction":[{"@type":"ReadAction","target":["https:\/\/www.faaarredamenti.com\/web\/ufficio\/"]}]},{"@type":"BreadcrumbList","@id":"https:\/\/www.faaarredamenti.com\/web\/ufficio\/#breadcrumb","itemListElement":[{"@type":"ListItem","position":1,"name":"Home","item":"https:\/\/www.faaarredamenti.com\/web\/"},{"@type":"ListItem","position":2,"name":"Ufficio"}]}]}},"_links":{"self":[{"href":"https:\/\/www.faaarredamenti.com\/web\/wp-json\/wp\/v2\/pages\/1314"}],"collection":[{"href":"https:\/\/www.faaarredamenti.com\/web\/wp-json\/wp\/v2\/pages"}],"about":[{"href":"https:\/\/www.faaarredamenti.com\/web\/wp-json\/wp\/v2\/types\/page"}],"author":[{"embeddable":true,"href":"https:\/\/www.faaarredamenti.com\/web\/wp-json\/wp\/v2\/users\/1"}],"replies":[{"embeddable":true,"href":"https:\/\/www.faaarredamenti.com\/web\/wp-json\/wp\/v2\/comments?post=1314"}],"version-history":[{"count":4,"href":"https:\/\/www.faaarredamenti.com\/web\/wp-json\/wp\/v2\/pages\/1314\/revisions"}],"predecessor-version":[{"id":1320,"href":"https:\/\/www.faaarredamenti.com\/web\/wp-json\/wp\/v2\/pages\/1314\/revisions\/1320"}],"wp:attachment":[{"href":"https:\/\/www.faaarredamenti.com\/web\/wp-json\/wp\/v2\/media?parent=1314"}],"curies":[{"name":"wp","href":"https:\/\/api.w.org\/{rel}","templated":true}]}}