{"id":916,"date":"2020-07-01T16:53:25","date_gmt":"2020-07-01T14:53:25","guid":{"rendered":"https:\/\/www.faaarredamenti.com\/web\/?page_id=916"},"modified":"2021-09-09T11:49:20","modified_gmt":"2021-09-09T09:49:20","slug":"la-cucina","status":"publish","type":"page","link":"https:\/\/www.faaarredamenti.com\/web\/la-cucina\/","title":{"rendered":"La Cucina di FAA"},"content":{"rendered":"<div  style='padding-bottom:10px; ' class='av-special-heading av-special-heading-h1    avia-builder-el-0  el_before_av_textblock  avia-builder-el-first  '><h1 class='av-special-heading-tag '  itemprop=\"headline\"  >La Cucina di FAA Arredamenti<\/h1><div class='special-heading-border'><div class='special-heading-inner-border' ><\/div><\/div><\/div>\n<section class=\"av_textblock_section \"  itemscope=\"itemscope\" itemtype=\"https:\/\/schema.org\/CreativeWork\" ><div class='avia_textblock  '   itemprop=\"text\" ><p><strong>Tutte le strade portano in cucina<\/strong>, accanto ai fornelli o attorno ad una tavola imbandita; \u00e8 l\u00ec, infatti, che oggi una famiglia trascorre la maggior parte del tempo; \u00e8 l\u00ec che, quando si compra casa o si ristruttura, gli italiani scelgono di destinare pi\u00f9 spazio; ed \u00e8 sempre l\u00ec che a molti piace intrattenere gli amici con veri e propri show cooking.<\/p>\n<p>Qualcosa di impensabile fino a qualche decennio fa, quando le cucine erano chiuse, quasi nascoste, per non far vedere e sentire all&#8217;ospite l\u2019odore di cibo ed il disordine conseguente alla preparazione dei pasti.<br \/>\nFino agli anni Settanta, subito dopo l\u2019ingresso di casa c\u2019era il soggiorno e l\u2019ospite si fermava l\u00ec, non andava oltre, non vedeva n\u00e9 la cucina n\u00e9 le camere da letto, ambienti assolutamente privati. Oggi, invece, la cucina \u00e8 un luogo da mostrare e in cui vivere, sia nella dimensione privata, con i bambini in primis, sia con gli ospiti; \u00e8 sempre pi\u00f9 smart e integrata al living, per cui gli elementi tecnici e le aree di lavoro e contenimento vengono il pi\u00f9 possibile mimetizzate all\u2019interno della struttura. Ecco cos\u00ec cappe aspiranti, lavelli, piani cottura dal design sempre pi\u00f9 accattivante e cucine che si chiudono come un armadio.<\/p>\n<p>Lo staff di<strong> Faa Arredamenti<\/strong>\u00a0ti mette a disposizione la sua grande competenza e riconosciuta professionalit\u00e0 nel settore dell\u2019arredamento d\u2019interni, ove opera da decenni, per realizzare la cucina dei tuoi desideri.<br \/>\nLa valutazione che faremo prima di ogni altra, sar\u00e0 quella relativa al tuo gusto, per individuare lo stile della tua cucina. Solitamente si tratta di una scelta immediata, istintiva nella quale dovrai considerare solo il fattore estetico e quello emozionale, immaginando lo stile ed i colori che vorrai trovare la mattina davanti al tuo primo caff\u00e8 e la sensazione di accoglienza che vorrai ricevere la sera al tuo rientro a casa. All\u2019interno della tua cucina, che sia in stile country, classico o moderno, dovrai infatti poterti sentire sempre a tuo agio.<br \/>\nIl passaggio successivo sar\u00e0 quello di formulare la proposta architettonica che, in base alla nostra esperienza, riteniamo pi\u00f9 adatta alla dimensione e alla conformazione dello spazio che hai a disposizione per la tua cucina.<br \/>\nIn linea generale, si \u00e8 soliti consigliare una <strong>cucina in composizione lineare<\/strong> per ambienti lunghi e stretti; una <strong>cucina in linea doppia<\/strong> per ambienti lunghi, ma sufficientemente larghi da permettere di ottimizzare gli spazi e ottenere piani di lavoro su due pareti opposte; se gli spazi a disposizione lo consentano, sono molto consigliate (e apprezzate) <strong>cucine ad angolo<\/strong>, <strong>cucine con penisola<\/strong> (o composizione a C) e <strong>cucine con isola centrale<\/strong>, da valorizzare magari, queste ultime in particolare, con l\u2019inserimento di un piano di cottura dal design accattivante.<br \/>\nElettrodomestici e piano di lavoro sono argomenti che potrai trattare con noi in maniera esaustiva.<\/p>\n<\/div><\/section>\n<div   class='hr hr-default   avia-builder-el-2  el_after_av_textblock  el_before_av_one_full '><span class='hr-inner ' ><span class='hr-inner-style'><\/span><\/span><\/div>\n<div class=\"flex_column av_one_full  flex_column_div av-zero-column-padding first  avia-builder-el-3  el_after_av_hr  el_before_av_hr  \" style='border-radius:0px; '><div  style='padding-bottom:10px; ' class='av-special-heading av-special-heading-h3  blockquote modern-quote modern-centered  avia-builder-el-4  avia-builder-el-no-sibling  av-linked-heading '><h3 class='av-special-heading-tag '  itemprop=\"headline\"  ><a href=\"https:\/\/www.faaarredamenti.com\/web\/cucine-rosini-arredamenti-mobili-perugia\/\">Guarda le nostre CUCINE<\/a><\/h3><div class='special-heading-border'><div class='special-heading-inner-border' ><\/div><\/div><\/div><\/div>\n<div   class='hr hr-default   avia-builder-el-5  el_after_av_one_full  el_before_av_one_fourth '><span class='hr-inner ' ><span class='hr-inner-style'><\/span><\/span><\/div>\n<div class=\"flex_column av_one_fourth  flex_column_div av-zero-column-padding first  avia-builder-el-6  el_after_av_hr  el_before_av_one_fourth  \" style='border-radius:0px; '><div  class='avia-image-container  av-styling-    avia-builder-el-7  avia-builder-el-no-sibling  avia-align-center '  itemprop=\"image\" itemscope=\"itemscope\" itemtype=\"https:\/\/schema.org\/ImageObject\"  ><div class='avia-image-container-inner'><div class='avia-image-overlay-wrap'><a href='https:\/\/www.faaarredamenti.com\/web\/wp-content\/uploads\/2021\/08\/Comp1_Imperial_BiancoArgento-1030x687.jpg' class='avia_image'  ><img class='avia_image ' src='https:\/\/www.faaarredamenti.com\/web\/wp-content\/uploads\/2021\/08\/Comp1_Imperial_BiancoArgento-495x400.jpg' alt='' title='Faa Arredamenti'  itemprop=\"thumbnailUrl\"  \/><\/a><\/div><\/div><\/div><\/div>\n<div class=\"flex_column av_one_fourth  flex_column_div av-zero-column-padding   avia-builder-el-8  el_after_av_one_fourth  el_before_av_one_fourth  \" style='border-radius:0px; '><div  class='avia-image-container  av-styling-    avia-builder-el-9  avia-builder-el-no-sibling  avia-align-center '  itemprop=\"image\" itemscope=\"itemscope\" itemtype=\"https:\/\/schema.org\/ImageObject\"  ><div class='avia-image-container-inner'><div class='avia-image-overlay-wrap'><a href='https:\/\/www.faaarredamenti.com\/web\/wp-content\/uploads\/2021\/08\/Comp2_Metropoli_Ocra-1030x686.jpg' class='avia_image'  ><img class='avia_image ' src='https:\/\/www.faaarredamenti.com\/web\/wp-content\/uploads\/2021\/08\/Comp2_Metropoli_Ocra-495x400.jpg' alt='' title='Faa Arredamenti'  itemprop=\"thumbnailUrl\"  \/><\/a><\/div><\/div><\/div><\/div>\n<div class=\"flex_column av_one_fourth  flex_column_div av-zero-column-padding   avia-builder-el-10  el_after_av_one_fourth  el_before_av_one_fourth  \" style='border-radius:0px; '><div  class='avia-image-container  av-styling-    avia-builder-el-11  avia-builder-el-no-sibling  avia-align-center '  itemprop=\"image\" itemscope=\"itemscope\" itemtype=\"https:\/\/schema.org\/ImageObject\"  ><div class='avia-image-container-inner'><div class='avia-image-overlay-wrap'><a href='https:\/\/www.faaarredamenti.com\/web\/wp-content\/uploads\/2021\/08\/Comp3_Reflexa_Bianco-1030x688.jpg' class='avia_image'  ><img class='avia_image ' src='https:\/\/www.faaarredamenti.com\/web\/wp-content\/uploads\/2021\/08\/Comp3_Reflexa_Bianco-495x400.jpg' alt='' title='Faa Arredamenti'  itemprop=\"thumbnailUrl\"  \/><\/a><\/div><\/div><\/div><\/div>\n<div class=\"flex_column av_one_fourth  flex_column_div av-zero-column-padding   avia-builder-el-12  el_after_av_one_fourth  el_before_av_one_fourth  \" style='border-radius:0px; '><div  class='avia-image-container  av-styling-    avia-builder-el-13  avia-builder-el-no-sibling  avia-align-center '  itemprop=\"image\" itemscope=\"itemscope\" itemtype=\"https:\/\/schema.org\/ImageObject\"  ><div class='avia-image-container-inner'><div class='avia-image-overlay-wrap'><a href='https:\/\/www.faaarredamenti.com\/web\/wp-content\/uploads\/2021\/08\/CONTEA_03-1030x700.jpg' class='avia_image'  ><img class='avia_image ' src='https:\/\/www.faaarredamenti.com\/web\/wp-content\/uploads\/2021\/08\/CONTEA_03-495x400.jpg' alt='' title='Faa Arredamenti'  itemprop=\"thumbnailUrl\"  \/><\/a><\/div><\/div><\/div><\/div>\n<div class=\"flex_column av_one_fourth  flex_column_div av-zero-column-padding first  avia-builder-el-14  el_after_av_one_fourth  el_before_av_one_fourth  column-top-margin\" style='border-radius:0px; '><div  class='avia-image-container  av-styling-    avia-builder-el-15  avia-builder-el-no-sibling  avia-align-center '  itemprop=\"image\" itemscope=\"itemscope\" itemtype=\"https:\/\/schema.org\/ImageObject\"  ><div class='avia-image-container-inner'><div class='avia-image-overlay-wrap'><a href='https:\/\/www.faaarredamenti.com\/web\/wp-content\/uploads\/2021\/08\/DSCN3652-1030x773.jpg' class='avia_image'  ><img class='avia_image ' src='https:\/\/www.faaarredamenti.com\/web\/wp-content\/uploads\/2021\/08\/DSCN3652-495x400.jpg' alt='' title='Faa Arredamenti'  itemprop=\"thumbnailUrl\"  \/><\/a><\/div><\/div><\/div><\/div>\n<div class=\"flex_column av_one_fourth  flex_column_div av-zero-column-padding   avia-builder-el-16  el_after_av_one_fourth  el_before_av_one_fourth  column-top-margin\" style='border-radius:0px; '><div  class='avia-image-container  av-styling-    avia-builder-el-17  avia-builder-el-no-sibling  avia-align-center '  itemprop=\"image\" itemscope=\"itemscope\" itemtype=\"https:\/\/schema.org\/ImageObject\"  ><div class='avia-image-container-inner'><div class='avia-image-overlay-wrap'><a href='https:\/\/www.faaarredamenti.com\/web\/wp-content\/uploads\/2021\/08\/IMG_0990-1030x773.jpg' class='avia_image'  ><img class='avia_image ' src='https:\/\/www.faaarredamenti.com\/web\/wp-content\/uploads\/2021\/08\/IMG_0990-495x400.jpg' alt='' title='Faa Arredamenti'  itemprop=\"thumbnailUrl\"  \/><\/a><\/div><\/div><\/div><\/div>\n<div class=\"flex_column av_one_fourth  flex_column_div av-zero-column-padding   avia-builder-el-18  el_after_av_one_fourth  el_before_av_one_fourth  column-top-margin\" style='border-radius:0px; '><div  class='avia-image-container  av-styling-    avia-builder-el-19  avia-builder-el-no-sibling  avia-align-center '  itemprop=\"image\" itemscope=\"itemscope\" itemtype=\"https:\/\/schema.org\/ImageObject\"  ><div class='avia-image-container-inner'><div class='avia-image-overlay-wrap'><a href='https:\/\/www.faaarredamenti.com\/web\/wp-content\/uploads\/2021\/08\/IMG_2575-1030x773.jpg' class='avia_image'  ><img class='avia_image ' src='https:\/\/www.faaarredamenti.com\/web\/wp-content\/uploads\/2021\/08\/IMG_2575-495x400.jpg' alt='' title='Faa Arredamenti'  itemprop=\"thumbnailUrl\"  \/><\/a><\/div><\/div><\/div><\/div>\n<div class=\"flex_column av_one_fourth  flex_column_div av-zero-column-padding   avia-builder-el-20  el_after_av_one_fourth  el_before_av_hr  column-top-margin\" style='border-radius:0px; '><div  class='avia-image-container  av-styling-    avia-builder-el-21  avia-builder-el-no-sibling  avia-align-center '  itemprop=\"image\" itemscope=\"itemscope\" itemtype=\"https:\/\/schema.org\/ImageObject\"  ><div class='avia-image-container-inner'><div class='avia-image-overlay-wrap'><a href='https:\/\/www.faaarredamenti.com\/web\/wp-content\/uploads\/2021\/08\/DSC_0051-1030x687.jpg' class='avia_image'  ><img class='avia_image ' src='https:\/\/www.faaarredamenti.com\/web\/wp-content\/uploads\/2021\/08\/DSC_0051-495x400.jpg' alt='' title='Faa Arredamenti'  itemprop=\"thumbnailUrl\"  \/><\/a><\/div><\/div><\/div><\/div>\n<div   class='hr hr-default   avia-builder-el-22  el_after_av_one_fourth  el_before_av_one_full '><span class='hr-inner ' ><span class='hr-inner-style'><\/span><\/span><\/div>\n<div class=\"flex_column av_one_full  flex_column_div av-zero-column-padding first  avia-builder-el-23  el_after_av_hr  avia-builder-el-last  \" style='border-radius:0px; '><div  style='padding-bottom:10px; ' class='av-special-heading av-special-heading-h3  blockquote modern-quote modern-centered  avia-builder-el-24  avia-builder-el-no-sibling  av-linked-heading '><h3 class='av-special-heading-tag '  itemprop=\"headline\"  ><a href=\"https:\/\/www.faaarredamenti.com\/web\/contatti-faa-arredamenti-perugia\/\">Richiedi un preventivo personalizzato per la tua CUCINA<\/a><\/h3><div class='special-heading-border'><div class='special-heading-inner-border' ><\/div><\/div><\/div><\/div>\n","protected":false},"excerpt":{"rendered":"","protected":false},"author":1,"featured_media":0,"parent":0,"menu_order":0,"comment_status":"closed","ping_status":"closed","template":"","meta":[],"yoast_head":"<!-- This site is optimized with the Yoast SEO plugin v19.4 - https:\/\/yoast.com\/wordpress\/plugins\/seo\/ -->\r\n<title>La Cucina di FAA - Faa Arredamenti<\/title>\r\n<meta name=\"robots\" content=\"index, follow, max-snippet:-1, max-image-preview:large, max-video-preview:-1\" \/>\r\n<link rel=\"canonical\" href=\"https:\/\/www.faaarredamenti.com\/web\/la-cucina\/\" \/>\r\n<meta property=\"og:locale\" content=\"it_IT\" \/>\r\n<meta property=\"og:type\" content=\"article\" \/>\r\n<meta property=\"og:title\" content=\"La Cucina di FAA - Faa Arredamenti\" \/>\r\n<meta property=\"og:url\" content=\"https:\/\/www.faaarredamenti.com\/web\/la-cucina\/\" \/>\r\n<meta property=\"og:site_name\" content=\"Faa Arredamenti\" \/>\r\n<meta property=\"article:publisher\" content=\"https:\/\/www.facebook.com\/rosiniarredamenti\/\" \/>\r\n<meta property=\"article:modified_time\" content=\"2021-09-09T09:49:20+00:00\" \/>\r\n<meta name=\"twitter:card\" content=\"summary_large_image\" \/>\r\n<meta name=\"twitter:label1\" content=\"Tempo di lettura stimato\" \/>\n\t<meta name=\"twitter:data1\" content=\"14 minuti\" \/>\r\n<script type=\"application\/ld+json\" class=\"yoast-schema-graph\">{\"@context\":\"https:\/\/schema.org\",\"@graph\":[{\"@type\":\"WebSite\",\"@id\":\"https:\/\/www.faaarredamenti.com\/web\/#website\",\"url\":\"https:\/\/www.faaarredamenti.com\/web\/\",\"name\":\"Faa Arredamenti\",\"description\":\"Da 40 anni l&#039;artigiano a casa tua\",\"potentialAction\":[{\"@type\":\"SearchAction\",\"target\":{\"@type\":\"EntryPoint\",\"urlTemplate\":\"https:\/\/www.faaarredamenti.com\/web\/?s={search_term_string}\"},\"query-input\":\"required name=search_term_string\"}],\"inLanguage\":\"it-IT\"},{\"@type\":\"WebPage\",\"@id\":\"https:\/\/www.faaarredamenti.com\/web\/la-cucina\/\",\"url\":\"https:\/\/www.faaarredamenti.com\/web\/la-cucina\/\",\"name\":\"La Cucina di FAA - Faa Arredamenti\",\"isPartOf\":{\"@id\":\"https:\/\/www.faaarredamenti.com\/web\/#website\"},\"datePublished\":\"2020-07-01T14:53:25+00:00\",\"dateModified\":\"2021-09-09T09:49:20+00:00\",\"breadcrumb\":{\"@id\":\"https:\/\/www.faaarredamenti.com\/web\/la-cucina\/#breadcrumb\"},\"inLanguage\":\"it-IT\",\"potentialAction\":[{\"@type\":\"ReadAction\",\"target\":[\"https:\/\/www.faaarredamenti.com\/web\/la-cucina\/\"]}]},{\"@type\":\"BreadcrumbList\",\"@id\":\"https:\/\/www.faaarredamenti.com\/web\/la-cucina\/#breadcrumb\",\"itemListElement\":[{\"@type\":\"ListItem\",\"position\":1,\"name\":\"Home\",\"item\":\"https:\/\/www.faaarredamenti.com\/web\/\"},{\"@type\":\"ListItem\",\"position\":2,\"name\":\"La Cucina di FAA\"}]}]}<\/script>\r\n<!-- \/ Yoast SEO plugin. -->","yoast_head_json":{"title":"La Cucina di FAA - Faa Arredamenti","robots":{"index":"index","follow":"follow","max-snippet":"max-snippet:-1","max-image-preview":"max-image-preview:large","max-video-preview":"max-video-preview:-1"},"canonical":"https:\/\/www.faaarredamenti.com\/web\/la-cucina\/","og_locale":"it_IT","og_type":"article","og_title":"La Cucina di FAA - Faa Arredamenti","og_url":"https:\/\/www.faaarredamenti.com\/web\/la-cucina\/","og_site_name":"Faa Arredamenti","article_publisher":"https:\/\/www.facebook.com\/rosiniarredamenti\/","article_modified_time":"2021-09-09T09:49:20+00:00","twitter_card":"summary_large_image","twitter_misc":{"Tempo di lettura stimato":"14 minuti"},"schema":{"@context":"https:\/\/schema.org","@graph":[{"@type":"WebSite","@id":"https:\/\/www.faaarredamenti.com\/web\/#website","url":"https:\/\/www.faaarredamenti.com\/web\/","name":"Faa Arredamenti","description":"Da 40 anni l&#039;artigiano a casa tua","potentialAction":[{"@type":"SearchAction","target":{"@type":"EntryPoint","urlTemplate":"https:\/\/www.faaarredamenti.com\/web\/?s={search_term_string}"},"query-input":"required name=search_term_string"}],"inLanguage":"it-IT"},{"@type":"WebPage","@id":"https:\/\/www.faaarredamenti.com\/web\/la-cucina\/","url":"https:\/\/www.faaarredamenti.com\/web\/la-cucina\/","name":"La Cucina di FAA - Faa Arredamenti","isPartOf":{"@id":"https:\/\/www.faaarredamenti.com\/web\/#website"},"datePublished":"2020-07-01T14:53:25+00:00","dateModified":"2021-09-09T09:49:20+00:00","breadcrumb":{"@id":"https:\/\/www.faaarredamenti.com\/web\/la-cucina\/#breadcrumb"},"inLanguage":"it-IT","potentialAction":[{"@type":"ReadAction","target":["https:\/\/www.faaarredamenti.com\/web\/la-cucina\/"]}]},{"@type":"BreadcrumbList","@id":"https:\/\/www.faaarredamenti.com\/web\/la-cucina\/#breadcrumb","itemListElement":[{"@type":"ListItem","position":1,"name":"Home","item":"https:\/\/www.faaarredamenti.com\/web\/"},{"@type":"ListItem","position":2,"name":"La Cucina di FAA"}]}]}},"_links":{"self":[{"href":"https:\/\/www.faaarredamenti.com\/web\/wp-json\/wp\/v2\/pages\/916"}],"collection":[{"href":"https:\/\/www.faaarredamenti.com\/web\/wp-json\/wp\/v2\/pages"}],"about":[{"href":"https:\/\/www.faaarredamenti.com\/web\/wp-json\/wp\/v2\/types\/page"}],"author":[{"embeddable":true,"href":"https:\/\/www.faaarredamenti.com\/web\/wp-json\/wp\/v2\/users\/1"}],"replies":[{"embeddable":true,"href":"https:\/\/www.faaarredamenti.com\/web\/wp-json\/wp\/v2\/comments?post=916"}],"version-history":[{"count":13,"href":"https:\/\/www.faaarredamenti.com\/web\/wp-json\/wp\/v2\/pages\/916\/revisions"}],"predecessor-version":[{"id":1421,"href":"https:\/\/www.faaarredamenti.com\/web\/wp-json\/wp\/v2\/pages\/916\/revisions\/1421"}],"wp:attachment":[{"href":"https:\/\/www.faaarredamenti.com\/web\/wp-json\/wp\/v2\/media?parent=916"}],"curies":[{"name":"wp","href":"https:\/\/api.w.org\/{rel}","templated":true}]}}